{"id":9,"date":"2024-12-26T12:42:08","date_gmt":"2024-12-26T12:42:08","guid":{"rendered":"https:\/\/kontkaset.fi\/?page_id=9"},"modified":"2026-01-14T15:57:50","modified_gmt":"2026-01-14T15:57:50","slug":"hallitus-2023-2025","status":"publish","type":"page","link":"https:\/\/kontkaset.fi\/?page_id=9","title":{"rendered":"Hallitus 2025-2026"},"content":{"rendered":"\n<p>Sukuseuran yleinen s\u00e4hk\u00f6postiosoite:<br>viesti.kontkasen@gmail.com<\/p>\n\n\n\n<hr class=\"wp-block-separator has-alpha-channel-opacity\"\/>\n\n\n\n<p><strong><mark style=\"background-color:rgba(0, 0, 0, 0)\" class=\"has-inline-color has-accent-1-color\">KUNNIAPUHEENJOHTAJA<\/mark><br><\/strong>Kontkanen Juhani<br><mark style=\"background-color:rgba(0, 0, 0, 0)\" class=\"has-inline-color has-accent-1-color\"><br><strong>PUHEENJOHTAJA<\/strong><\/mark><strong><br><\/strong>Kontkanen Kaisa<br><br><mark style=\"background-color:rgba(0, 0, 0, 0)\" class=\"has-inline-color has-accent-1-color\"><strong>VARAPUHEENJOHTAJA<\/strong><\/mark><br>Kati Dahlskog<\/p>\n\n\n\n<p><strong><mark style=\"background-color:rgba(0, 0, 0, 0)\" class=\"has-inline-color has-accent-1-color\">SIHTEERI<\/mark><\/strong><br>Kontkanen Tuija<\/p>\n\n\n\n<hr class=\"wp-block-separator has-alpha-channel-opacity\"\/>\n\n\n\n<p><strong><mark style=\"background-color:rgba(0, 0, 0, 0)\" class=\"has-inline-color has-accent-1-color\">MUUT HALLITUKSEN J\u00c4SENET<\/mark><\/strong><\/p>\n\n\n\n<p>Karvinen Erja<\/p>\n\n\n\n<p><br>Rahunen Aino<\/p>\n\n\n\n<p><br>J\u00e4rvinen Harri<\/p>\n\n\n\n<p><br>Kontkanen Tuija<\/p>\n\n\n\n<p><br>Dahlskog Kati<\/p>\n\n\n\n<p><br>Jolkkonen Ulla<\/p>\n\n\n\n<hr class=\"wp-block-separator has-alpha-channel-opacity\"\/>\n\n\n\n<p><mark style=\"background-color:rgba(0, 0, 0, 0)\" class=\"has-inline-color has-accent-1-color\"><strong>KONTKASEN SUKUSEURAN TOIMIHENKIL\u00d6T 2023 &#8211; 2025<\/strong><\/mark><\/p>\n\n\n\n<p><mark style=\"background-color:rgba(0, 0, 0, 0)\" class=\"has-inline-color has-accent-1-color\">TALOUDENHOITAJA<\/mark><br>J\u00e4rvinen Harri<br>puh: 040 419 1297<br><br><mark style=\"background-color:rgba(0, 0, 0, 0)\" class=\"has-inline-color has-accent-1-color\">SIHTEERI<\/mark><br>Kontkanen Tuija<br>puh: 0400 401 902<br><br><mark style=\"background-color:rgba(0, 0, 0, 0)\" class=\"has-inline-color has-accent-1-color\">ARKISTONHOITAJA  <br><\/mark>Dahlskog Kati<br>puh: 045 673 7117<br><br><mark style=\"background-color:rgba(0, 0, 0, 0)\" class=\"has-inline-color has-accent-1-color\">SUKULEHDEN TOIMITUS<\/mark><br>Dahlskog Kati<br>045 673 7117<\/p>\n\n\n\n<p><mark style=\"background-color:rgba(0, 0, 0, 0)\" class=\"has-inline-color has-accent-1-color\">FACEBOOK-YLL\u00c4PITO<\/mark><br>Anna Maria Aalto<br>annamaria.aalto@gmail.com<\/p>\n\n\n\n<p><\/p>\n\n\n\n<p><\/p>\n","protected":false},"excerpt":{"rendered":"<p>Sukuseuran yleinen s\u00e4hk\u00f6postiosoite:viesti.kontkasen@gmail.com KUNNIAPUHEENJOHTAJAKontkanen JuhaniPUHEENJOHTAJAKontkanen Kaisa VARAPUHEENJOHTAJAKati Dahlskog SIHTEERIKontkanen Tuija MUUT HALLITUKSEN J\u00c4SENET Karvinen Erja Rahunen Aino J\u00e4rvinen Harri Kontkanen Tuija Dahlskog Kati Jolkkonen Ulla KONTKASEN SUKUSEURAN TOIMIHENKIL\u00d6T 2023 &#8211; 2025 TALOUDENHOITAJAJ\u00e4rvinen Harripuh: 040 419 1297 SIHTEERIKontkanen Tuijapuh: 0400 401 902 ARKISTONHOITAJA Dahlskog Katipuh: 045 673 7117 SUKULEHDEN TOIMITUSDahlskog Kati045 673 7117 FACEBOOK-YLL\u00c4PITOAnna Maria Aaltoannamaria.aalto@gmail.com<\/p>\n","protected":false},"author":1,"featured_media":0,"parent":0,"menu_order":0,"comment_status":"closed","ping_status":"closed","template":"","meta":{"footnotes":""},"class_list":["post-9","page","type-page","status-publish","hentry"],"_links":{"self":[{"href":"https:\/\/kontkaset.fi\/index.php?rest_route=\/wp\/v2\/pages\/9","targetHints":{"allow":["GET"]}}],"collection":[{"href":"https:\/\/kontkaset.fi\/index.php?rest_route=\/wp\/v2\/pages"}],"about":[{"href":"https:\/\/kontkaset.fi\/index.php?rest_route=\/wp\/v2\/types\/page"}],"author":[{"embeddable":true,"href":"https:\/\/kontkaset.fi\/index.php?rest_route=\/wp\/v2\/users\/1"}],"replies":[{"embeddable":true,"href":"https:\/\/kontkaset.fi\/index.php?rest_route=%2Fwp%2Fv2%2Fcomments&post=9"}],"version-history":[{"count":6,"href":"https:\/\/kontkaset.fi\/index.php?rest_route=\/wp\/v2\/pages\/9\/revisions"}],"predecessor-version":[{"id":112,"href":"https:\/\/kontkaset.fi\/index.php?rest_route=\/wp\/v2\/pages\/9\/revisions\/112"}],"wp:attachment":[{"href":"https:\/\/kontkaset.fi\/index.php?rest_route=%2Fwp%2Fv2%2Fmedia&parent=9"}],"curies":[{"name":"wp","href":"https:\/\/api.w.org\/{rel}","templated":true}]}}